{"id":476,"date":"2017-06-13T04:11:50","date_gmt":"2017-06-13T04:11:50","guid":{"rendered":"https:\/\/demo.themegrill.com\/suffice\/?page_id=5"},"modified":"2026-02-19T10:38:37","modified_gmt":"2026-02-19T09:38:37","slug":"home","status":"publish","type":"page","link":"https:\/\/cnrf.gov.bi\/","title":{"rendered":"Home"},"content":{"rendered":"<div id=\"pl-476\"  class=\"panel-layout\" ><div id=\"pg-476-0\"  class=\"panel-grid panel-has-style\" ><div class=\"siteorigin-panels-stretch panel-row-style panel-row-style-for-476-0\" data-stretch-type=\"full-stretched\" ><div id=\"pgc-476-0-0\"  class=\"panel-grid-cell\" ><div id=\"panel-476-0-0-0\" class=\"so-panel widget widget_themegrill_suffice_slider tg-section tg-slider-widget panel-first-child panel-last-child\" data-index=\"0\" >\n\t<div class=\"slider slider-hide-controls slider-controls-flat slider-height--default\">\n\t\t<div class=\"swiper-container\" data-swiper-autoplay=\"true\">\n\t\t\t<div class=\"swiper-wrapper\">\n\t\t\t\t\t\t\t\t\t\t<div class=\"swiper-slide\">\n\t\t\t\t\t\t\t<div class=\"slider-content slider-content-default slider-content--center\">\n\t\t\t\t\t\t\t\t<div class=\"container\">\n\t\t\t\t\t\t\t\t\t<div class=\"slider-content-inner\">\n\t\t\t\t\t\t\t\t\t\t\n\t\t\t\t\t\t\t\t\t\t\t\t\t\t\t\t\t\t\t\t\t<p class=\"slider-description\">Sous le Haut Patronage du Premier Ministre burundais, un \u00e9v\u00e8nement d\u2019envergure nationale sur la LBC\/FT<\/p>\n\t\t\t\t\t\t\t\t\t\t\n\t\t\t\t\t\t\t\t\t\t\t\t\t\t\t\t\t\t\t\t\t<a class=\"btn btn-cyan btn-rounded btn-medium btn-primary\" href=\"\"> LIRE PLUS <\/a>\n\t\t\t\t\t\t\t\t\t\t\t\t\t\t\t\t\t\t\t<\/div> <!-- slider-content-inner -->\n\t\t\t\t\t\t\t\t<\/div> <!-- .container -->\n\t\t\t\t\t\t\t<\/div> <!-- .slider-content -->\n\t\t\t\t\t\t\t<figure class=\"slider-thumbnail\">\n\t\t\t\t\t\t\t\t<img decoding=\"async\" src=\"https:\/\/cnrf.gov.bi\/wp-content\/uploads\/2026\/01\/CN-2.jpeg\" alt=\"\" \/>\n\t\t\t\t\t\t\t<\/figure>\n\t\t\t\t\t\t<\/div> <!-- swiper-slide -->\n\t\t\t\t\t\t\t\t\t\t\t\t<div class=\"swiper-slide\">\n\t\t\t\t\t\t\t<div class=\"slider-content slider-content-default slider-content--center\">\n\t\t\t\t\t\t\t\t<div class=\"container\">\n\t\t\t\t\t\t\t\t\t<div class=\"slider-content-inner\">\n\t\t\t\t\t\t\t\t\t\t\n\t\t\t\t\t\t\t\t\t\t\t\t\t\t\t\t\t\t\t\t\t<p class=\"slider-description\">Validation du rapport de l&#039;Evaluation Nationale des Risques<\/p>\n\t\t\t\t\t\t\t\t\t\t\n\t\t\t\t\t\t\t\t\t\t\t\t\t\t\t\t\t\t\t\t\t<a class=\"btn btn-cyan btn-rounded-edges btn-small btn-primary\" href=\"https:\/\/cnrf.gov.bi\/index.php\/2025\/11\/14\/\"> LIRE PLUS <\/a>\n\t\t\t\t\t\t\t\t\t\t\t\t\t\t\t\t\t\t\t<\/div> <!-- slider-content-inner -->\n\t\t\t\t\t\t\t\t<\/div> <!-- .container -->\n\t\t\t\t\t\t\t<\/div> <!-- .slider-content -->\n\t\t\t\t\t\t\t<figure class=\"slider-thumbnail\">\n\t\t\t\t\t\t\t\t<img decoding=\"async\" src=\"https:\/\/cnrf.gov.bi\/wp-content\/uploads\/2025\/11\/Photo-densemble-11-nov-25.jpg\" alt=\"\" \/>\n\t\t\t\t\t\t\t<\/figure>\n\t\t\t\t\t\t<\/div> <!-- swiper-slide -->\n\t\t\t\t\t\t\t\t\t\t\t\t<div class=\"swiper-slide\">\n\t\t\t\t\t\t\t<div class=\"slider-content slider-content-default slider-content--center\">\n\t\t\t\t\t\t\t\t<div class=\"container\">\n\t\t\t\t\t\t\t\t\t<div class=\"slider-content-inner\">\n\t\t\t\t\t\t\t\t\t\t\t\t\t\t\t\t\t\t\t\t\t<h3 class=\"slider-title\">Le Burundi aux r\u00e9unions de l&#039;ESAAMLG<\/h3>\n\t\t\t\t\t\t\t\t\t\t\n\t\t\t\t\t\t\t\t\t\t\t\t\t\t\t\t\t\t\t\t\t<p class=\"slider-description\">Participation du ministre burundais des Finances, du Budget et de l&#039;Economie num\u00e9rique \u00e0 la 25\u00e8me r\u00e9union du conseil des ministres de l&#039;ESAAMLG<\/p>\n\t\t\t\t\t\t\t\t\t\t\n\t\t\t\t\t\t\t\t\t\t\t\t\t\t\t\t\t\t\t\t\t<a class=\"btn btn-default btn-rounded btn-medium btn-primary\" href=\"\"> Lire plus <\/a>\n\t\t\t\t\t\t\t\t\t\t\t\t\t\t\t\t\t\t\t<\/div> <!-- slider-content-inner -->\n\t\t\t\t\t\t\t\t<\/div> <!-- .container -->\n\t\t\t\t\t\t\t<\/div> <!-- .slider-content -->\n\t\t\t\t\t\t\t<figure class=\"slider-thumbnail\">\n\t\t\t\t\t\t\t\t<img decoding=\"async\" src=\"https:\/\/cnrf.gov.bi\/wp-content\/uploads\/2025\/10\/20250829_091131.jpg\" alt=\"Le Burundi aux r\u00e9unions de l&#039;ESAAMLG\" \/>\n\t\t\t\t\t\t\t<\/figure>\n\t\t\t\t\t\t<\/div> <!-- swiper-slide -->\n\t\t\t\t\t\t\t\t\t\t\t\t<div class=\"swiper-slide\">\n\t\t\t\t\t\t\t<div class=\"slider-content slider-content-cursive slider-content--center\">\n\t\t\t\t\t\t\t\t<div class=\"container\">\n\t\t\t\t\t\t\t\t\t<div class=\"slider-content-inner\">\n\t\t\t\t\t\t\t\t\t\t\n\t\t\t\t\t\t\t\t\t\t\t\t\t\t\t\t\t\t\t\t\t<p class=\"slider-description\">Le Burundi, en sa qualit\u00e9 de membre effectif de l\u2019ESAAMLG, s\u2019illustre par une collaboration soutenue et constructive avec cette instance r\u00e9gionale.<\/p>\n\t\t\t\t\t\t\t\t\t\t\n\t\t\t\t\t\t\t\t\t\t\t\t\t\t\t\t\t\t\t\t\t<a class=\"btn btn-default btn-rounded btn-small btn-primary\" href=\"\"> Lire plus <\/a>\n\t\t\t\t\t\t\t\t\t\t\t\t\t\t\t\t\t\t\t<\/div> <!-- slider-content-inner -->\n\t\t\t\t\t\t\t\t<\/div> <!-- .container -->\n\t\t\t\t\t\t\t<\/div> <!-- .slider-content -->\n\t\t\t\t\t\t\t<figure class=\"slider-thumbnail\">\n\t\t\t\t\t\t\t\t<img decoding=\"async\" src=\"https:\/\/cnrf.gov.bi\/wp-content\/uploads\/2025\/10\/IMG-20250829-WA0007-1.jpg\" alt=\"\" \/>\n\t\t\t\t\t\t\t<\/figure>\n\t\t\t\t\t\t<\/div> <!-- swiper-slide -->\n\t\t\t\t\t\t\t\t\t\t\t\t<div class=\"swiper-slide\">\n\t\t\t\t\t\t\t<div class=\"slider-content slider-content-default slider-content--center\">\n\t\t\t\t\t\t\t\t<div class=\"container\">\n\t\t\t\t\t\t\t\t\t<div class=\"slider-content-inner\">\n\t\t\t\t\t\t\t\t\t\t\t\t\t\t\t\t\t\t\t\t\t<h3 class=\"slider-title\">La CNRF \u00e0 l&#039;\u0153uvre dans la coop\u00e9ration bilat\u00e9rale<\/h3>\n\t\t\t\t\t\t\t\t\t\t\n\t\t\t\t\t\t\t\t\t\t\t\t\t\t\t\t\t\t\t\t\t<p class=\"slider-description\">La CNRF s\u2019emploie \u00e0 promouvoir et \u00e0 consolider la coop\u00e9ration avec ses partenaires nationaux et internationaux.<\/p>\n\t\t\t\t\t\t\t\t\t\t\n\t\t\t\t\t\t\t\t\t\t\t\t\t\t\t\t\t\t\t\t\t<a class=\"btn btn-cyan btn-rounded btn-medium btn-primary\" href=\"\"> Lire plus <\/a>\n\t\t\t\t\t\t\t\t\t\t\t\t\t\t\t\t\t\t\t<\/div> <!-- slider-content-inner -->\n\t\t\t\t\t\t\t\t<\/div> <!-- .container -->\n\t\t\t\t\t\t\t<\/div> <!-- .slider-content -->\n\t\t\t\t\t\t\t<figure class=\"slider-thumbnail\">\n\t\t\t\t\t\t\t\t<img decoding=\"async\" src=\"https:\/\/cnrf.gov.bi\/wp-content\/uploads\/2025\/04\/IMG-20250415-WA0019-e1762342428787.jpg\" alt=\"La CNRF \u00e0 l&#039;\u0153uvre dans la coop\u00e9ration bilat\u00e9rale\" \/>\n\t\t\t\t\t\t\t<\/figure>\n\t\t\t\t\t\t<\/div> <!-- swiper-slide -->\n\t\t\t\t\t\t\t\t\t<\/div> <!-- end swiper-wrapper -->\n\n\t\t\t<div class=\"swiper-pagination\"><\/div>\n\t\t\t<div class=\"swiper-button-next\"><\/div>\n\t\t\t<div class=\"swiper-button-prev\"><\/div>\n\t\t<\/div> <!-- end swiper-container -->\n\n\t<\/div> <!-- end slider -->\n<\/div><\/div><\/div><\/div><div id=\"pg-476-1\"  class=\"panel-grid panel-has-style\" ><div class=\"siteorigin-panels-stretch panel-row-style panel-row-style-for-476-1\" data-stretch-type=\"full\" ><div id=\"pgc-476-1-0\"  class=\"panel-grid-cell\" ><div id=\"panel-476-1-0-0\" class=\"so-panel widget widget_siteorigin-panels-builder panel-first-child panel-last-child\" data-index=\"1\" ><div class=\"panel-widget-style panel-widget-style-for-476-1-0-0\" ><div id=\"pl-w6996da1c77c98\"  class=\"panel-layout\" ><div id=\"pg-w6996da1c77c98-0\"  class=\"panel-grid panel-no-style\" ><div id=\"pgc-w6996da1c77c98-0-0\"  class=\"panel-grid-cell\" ><div id=\"panel-w6996da1c77c98-0-0-0\" class=\"so-panel widget widget_themegrill_suffice_iconbox tg-iconbox-container panel-first-child panel-last-child\" data-index=\"0\" ><div class=\"icon-box icon-box-center icon-box-hexagon\">\n\t\t\t<div class=\"icon-box-icon\" style=color:#ffffff;font-size:32px;background-color:#dd9ebd;>\n\t\t\t<div class=\"icon-box-icon-container\">\n\t\t\t\t<div class=\"icon-box-inner-icon\">\n\t\t\t\t\t<i class=\"fa fa-crop\"><\/i>\n\t\t\t\t<\/div>\n\t\t\t<\/div>\n\t\t<\/div>\n\t\t\t<div class=\"icon-box-description\">\n\t\t\t\t\t<h5 class=\"icon-box-title\">APERCU<\/h5>\n\t\t\t\t\t\t\t<p class=\"icon-box-content\">La Cellule Nationale de Renseignement Financier, en abr\u00e9g\u00e9 \u00ab CNRF \u00bb, est un organe sp\u00e9cialis\u00e9 cr\u00e9\u00e9 par le D\u00e9cret no 100\/009 du 09 fevrier 2026 portant modification du decret no 100\/044 du 16 mars 2020 portant creation, missions, organisation et fonctionnement de la cellule nationale du renseignement financier au burundi \u00ab C.N.R.F \u00bb en sigle<\/p>\n\t\t\t\t\t\t\t<a class=\"icon-box-readmore\" href=\"https:\/\/cnrf.gov.bi\/index.php\/apercu\/\">LIRE PLUS<\/a>\n\t\t\t<\/div>\n<\/div> <!-- end icon-box -->\n<\/div><\/div><div id=\"pgc-w6996da1c77c98-0-1\"  class=\"panel-grid-cell\" ><div id=\"panel-w6996da1c77c98-0-1-0\" class=\"so-panel widget widget_themegrill_suffice_iconbox tg-iconbox-container panel-first-child panel-last-child\" data-index=\"1\" ><div class=\"icon-box icon-box-center icon-box-hexagon\">\n\t\t\t<div class=\"icon-box-icon\" style=color:#ffffff;font-size:32px;background-color:#7be0f2;>\n\t\t\t<div class=\"icon-box-icon-container\">\n\t\t\t\t<div class=\"icon-box-inner-icon\">\n\t\t\t\t\t<i class=\"fa fa-sitemap\"><\/i>\n\t\t\t\t<\/div>\n\t\t\t<\/div>\n\t\t<\/div>\n\t\t\t<div class=\"icon-box-description\">\n\t\t\t\t\t<h5 class=\"icon-box-title\">STRUCTURE<\/h5>\n\t\t\t\t\t\t\t<p class=\"icon-box-content\">La structure de LBC\/FT au Burundi est compos\u00e9e par le Conseil National de Coordination et la CNRF selon la loi no1\/ 08 du 27 mars 2025 portant modification de la loi n\u00b01\/02 du 04 f\u00e9vrier 2008 portant lutte contre le blanchiment de capitaux et le financement du terrorisme.<\/p>\n\t\t\t\t\t\t\t<a class=\"icon-box-readmore\" href=\"https:\/\/cnrf.gov.bi\/index.php\/structure-de-la-cnrf\/\">LIRE PLUS<\/a>\n\t\t\t<\/div>\n<\/div> <!-- end icon-box -->\n<\/div><\/div><div id=\"pgc-w6996da1c77c98-0-2\"  class=\"panel-grid-cell\" ><div id=\"panel-w6996da1c77c98-0-2-0\" class=\"so-panel widget widget_themegrill_suffice_iconbox tg-iconbox-container panel-first-child panel-last-child\" data-index=\"2\" ><div class=\"icon-box icon-box-center icon-box-hexagon\">\n\t\t\t<div class=\"icon-box-icon\" style=color:#ffffff;font-size:32px;background-color:#a0c695;>\n\t\t\t<div class=\"icon-box-icon-container\">\n\t\t\t\t<div class=\"icon-box-inner-icon\">\n\t\t\t\t\t<i class=\"fa fa-stack-overflow\"><\/i>\n\t\t\t\t<\/div>\n\t\t\t<\/div>\n\t\t<\/div>\n\t\t\t<div class=\"icon-box-description\">\n\t\t\t\t\t<h5 class=\"icon-box-title\">DOCUMENTS<\/h5>\n\t\t\t\t\t\t\t<p class=\"icon-box-content\">Pour l&#039;accomplissement de ses missions, la CNRF s&#039;appuis sur divers textes nationaux et internationaux dont la liste est r\u00e9guli\u00e8rement mise \u00e0 jour. La conformit\u00e9 \u00e0 ces textes fait partie des t\u00e2ches et des missions principales de la CNRF<\/p>\n\t\t\t\t\t\t\t<a class=\"icon-box-readmore\" href=\"https:\/\/cnrf.gov.bi\/index.php\/documents-utiles\/\">LIRE PLUS<\/a>\n\t\t\t<\/div>\n<\/div> <!-- end icon-box -->\n<\/div><\/div><div id=\"pgc-w6996da1c77c98-0-3\"  class=\"panel-grid-cell\" ><div id=\"panel-w6996da1c77c98-0-3-0\" class=\"so-panel widget widget_themegrill_suffice_iconbox tg-iconbox-container panel-first-child panel-last-child\" data-index=\"3\" ><div class=\"icon-box icon-box-center icon-box-hexagon\">\n\t\t\t<div class=\"icon-box-icon\" style=color:#ffffff;font-size:32px;background-color:#ddd69e;>\n\t\t\t<div class=\"icon-box-icon-container\">\n\t\t\t\t<div class=\"icon-box-inner-icon\">\n\t\t\t\t\t<i class=\"fa fa-share-alt\"><\/i>\n\t\t\t\t<\/div>\n\t\t\t<\/div>\n\t\t<\/div>\n\t\t\t<div class=\"icon-box-description\">\n\t\t\t\t\t<h5 class=\"icon-box-title\">PARTENAIRES<\/h5>\n\t\t\t\t\t\t\t<p class=\"icon-box-content\">Pour remplir ses missions, la CNRF collabore avec divers partenaires natinaux, r\u00e9gionaux et internationaux qui op\u00e8rent dans les secteurs li\u00e9s \u00e0 la LCB\/FT<\/p>\n\t\t\t\t\t\t\t<a class=\"icon-box-readmore\" href=\"https:\/\/cnrf.gov.bi\/index.php\/partenaires-de-la-cnrf\/\">LIRE PLUS<\/a>\n\t\t\t<\/div>\n<\/div> <!-- end icon-box -->\n<\/div><\/div><\/div><\/div><\/div><\/div><\/div><\/div><\/div><div id=\"pg-476-2\"  class=\"panel-grid panel-has-style\" ><div class=\"panel-row-style panel-row-style-for-476-2\" ><div id=\"pgc-476-2-0\"  class=\"panel-grid-cell\" ><div id=\"panel-476-2-0-0\" class=\"so-panel widget widget_themegrill_suffice_title tg-title-container panel-first-child\" data-index=\"2\" ><div class=\"title title-default title-center\">\n\t<h3 class=\"title-title\">ARTICLES RECENTS<\/h3>\n\n\t\t\t<p class=\"sub-title\">Nos plus r\u00e9centes publications<\/p>\n\t\n\t\n\t<\/div>\n<\/div><div id=\"panel-476-2-0-1\" class=\"so-panel widget widget_themegrill_suffice_blog tg-blog-container panel-last-child\" data-index=\"3\" >\n<div class=\"blog-post-container\">\n\t\t\t\t<div class=\"row\">\n\t\t\t\t\t\t\t\t\t\t\t\t\t<article class=\"post col-sm-6 post-style-grid col-md-4\">\n\t\t\t\t\t\t<div class=\"article-inner\">\n\n\t\t\t\t\t\t\t<!-- ====== Entry Thumbnail =====  -->\n\t\t\t\t\t\t\t<figure class=\"entry-thumbnail\">\n\t\t\t\t\t\t\t\t<img loading=\"lazy\" decoding=\"async\" width=\"750\" height=\"420\" src=\"https:\/\/cnrf.gov.bi\/wp-content\/uploads\/2026\/03\/IMG-20260221-WA0056-750x420.jpg\" class=\"attachment-suffice-thumbnail-grid size-suffice-thumbnail-grid wp-post-image\" alt=\"\" \/>\t\t\t\t\t\t\t\t\t\t\t\t\t\t\t<\/figure>\n\n\t\t\t\t\t\t\t\n\t\t\t\t\t\t\t\t<!-- ====== Entry Header =====  -->\n\t\t\t\t\t\t\t\t<header class=\"entry-header\">\n\t\t\t\t\t\t\t\t\t<a href=\"https:\/\/cnrf.gov.bi\/index.php\/2026\/03\/06\/le-burundi-accueille-la-mission-devaluation-mutuelle-de-lesaamlg\/\">\n\t\t\t\t\t\t\t\t\t\t<h3 class=\"entry-title\">Le Burundi accueille la mission d\u2019\u00c9valuation Mutuelle de l\u2019ESAAMLG<\/h3><\/a>\n\t\t\t\t\t\t\t\t\t\t\t\t\t\t\t\t\t\t\t<div class=\"entry-meta\">\n\t\t\t\t\t\t<span class=\"posted-by\">\n\t\t\t\t\t\tpar <a class=\"url fn n\" href=\"https:\/\/cnrf.gov.bi\/index.php\/author\/cnrf\/\">cnrf<\/a>\t\t\t\t\t\t<\/span>\n\t\t\t\t\t\t\t\t\t\t\t\t\t\t\t\t\t\t\t\t\t<\/div>\n\t\t\t\t\t\t\t\t\t\t\t\t\t\t\t\t\t<\/header>  <!-- .entry-header -->\n\n\t\t\t\t\t\t\t\t<!-- ====== Entry Content =====  -->\n\t\t\t\t\t\t\t\t<div class=\"entry-content\">\n\t\t\t\t\t\t\t\t\t<p>\n\t\t\t\t\t\t\t\t\t\tLe Gouvernement du Burundi a officiellement accueilli mercredi le 18 f\u00e9vrier 2026 la mission d\u2019\u00e9valuation mutuelle conduite par les experts de l\u2019 ESAAMLG (Eastern and Southern Africa Anti-Money Laundering Group), dans le cadre du cycle international d\u2019\u00e9valuation des dispositifs de\t\t\t\t\t\t\t\t\t<\/p>\n\n\t\t\t\t\t\t\t\t\t\t\t\t\t\t\t\t\t\t\t<a href=\"https:\/\/cnrf.gov.bi\/index.php\/2026\/03\/06\/le-burundi-accueille-la-mission-devaluation-mutuelle-de-lesaamlg\/\" class=\"read-more\">Read More<\/a>\n\t\t\t\t\t\t\t\t\t\t\t\t\t\t\t\t\t<\/div> <!-- entry-content -->\n\n\t\t\t\t\t\t\t\t<!-- ====== Entry Meta =====  -->\n\t\t\t\t\t\t\t\t\n\t\t\t\t\t\t\t\t\t\t\t\t\t\t\t\t\t\t\t\t\t\t\t\t<\/div>  <!-- .article-inner -->\n\t\t\t\t\t<\/article> <!-- end post-style-* -->\n\t\t\t\t\t\t\t\t\t<article class=\"post col-sm-6 post-style-grid col-md-4\">\n\t\t\t\t\t\t<div class=\"article-inner\">\n\n\t\t\t\t\t\t\t<!-- ====== Entry Thumbnail =====  -->\n\t\t\t\t\t\t\t<figure class=\"entry-thumbnail\">\n\t\t\t\t\t\t\t\t<img loading=\"lazy\" decoding=\"async\" width=\"750\" height=\"420\" src=\"https:\/\/cnrf.gov.bi\/wp-content\/uploads\/2026\/02\/Sensi-EM-pic-6-750x420.jpeg\" class=\"attachment-suffice-thumbnail-grid size-suffice-thumbnail-grid wp-post-image\" alt=\"\" \/>\t\t\t\t\t\t\t\t\t\t\t\t\t\t\t<\/figure>\n\n\t\t\t\t\t\t\t\n\t\t\t\t\t\t\t\t<!-- ====== Entry Header =====  -->\n\t\t\t\t\t\t\t\t<header class=\"entry-header\">\n\t\t\t\t\t\t\t\t\t<a href=\"https:\/\/cnrf.gov.bi\/index.php\/2026\/02\/10\/formation-des-personnes-ressource-et-membres-du-comite-de-coordination-de-levaluation-mutuelle-du-burundi\/\">\n\t\t\t\t\t\t\t\t\t\t<h3 class=\"entry-title\">Formation des personnes ressource et membres du comit\u00e9 de coordination de l\u2019evaluation mutuelle du Burundi<\/h3><\/a>\n\t\t\t\t\t\t\t\t\t\t\t\t\t\t\t\t\t\t\t<div class=\"entry-meta\">\n\t\t\t\t\t\t<span class=\"posted-by\">\n\t\t\t\t\t\tpar <a class=\"url fn n\" href=\"https:\/\/cnrf.gov.bi\/index.php\/author\/cnrf\/\">cnrf<\/a>\t\t\t\t\t\t<\/span>\n\t\t\t\t\t\t\t\t\t\t\t\t\t\t\t\t\t\t\t\t\t<\/div>\n\t\t\t\t\t\t\t\t\t\t\t\t\t\t\t\t\t<\/header>  <!-- .entry-header -->\n\n\t\t\t\t\t\t\t\t<!-- ====== Entry Content =====  -->\n\t\t\t\t\t\t\t\t<div class=\"entry-content\">\n\t\t\t\t\t\t\t\t\t<p>\n\t\t\t\t\t\t\t\t\t\tBujumbura, du 19 au 20 janvier 2026 \u2013 Dans le cadre du processus d\u2019\u00c9valuation Mutuelle du Burundi, conduit conform\u00e9ment aux standards du Groupe d\u2019Action Financi\u00e8re (GAFI), la Cellule Nationale de Renseignement Financier (CNRF) a organis\u00e9 une formation \u00e0 l\u2019intention des\t\t\t\t\t\t\t\t\t<\/p>\n\n\t\t\t\t\t\t\t\t\t\t\t\t\t\t\t\t\t\t\t<a href=\"https:\/\/cnrf.gov.bi\/index.php\/2026\/02\/10\/formation-des-personnes-ressource-et-membres-du-comite-de-coordination-de-levaluation-mutuelle-du-burundi\/\" class=\"read-more\">Read More<\/a>\n\t\t\t\t\t\t\t\t\t\t\t\t\t\t\t\t\t<\/div> <!-- entry-content -->\n\n\t\t\t\t\t\t\t\t<!-- ====== Entry Meta =====  -->\n\t\t\t\t\t\t\t\t\n\t\t\t\t\t\t\t\t\t\t\t\t\t\t\t\t\t\t\t\t\t\t\t\t<\/div>  <!-- .article-inner -->\n\t\t\t\t\t<\/article> <!-- end post-style-* -->\n\t\t\t\t\t\t\t\t\t<article class=\"post col-sm-6 post-style-grid col-md-4\">\n\t\t\t\t\t\t<div class=\"article-inner\">\n\n\t\t\t\t\t\t\t<!-- ====== Entry Thumbnail =====  -->\n\t\t\t\t\t\t\t<figure class=\"entry-thumbnail\">\n\t\t\t\t\t\t\t\t<img loading=\"lazy\" decoding=\"async\" width=\"750\" height=\"420\" src=\"https:\/\/cnrf.gov.bi\/wp-content\/uploads\/2026\/01\/Gtg-pic-750x420.jpeg\" class=\"attachment-suffice-thumbnail-grid size-suffice-thumbnail-grid wp-post-image\" alt=\"\" \/>\t\t\t\t\t\t\t\t\t\t\t\t\t\t\t<\/figure>\n\n\t\t\t\t\t\t\t\n\t\t\t\t\t\t\t\t<!-- ====== Entry Header =====  -->\n\t\t\t\t\t\t\t\t<header class=\"entry-header\">\n\t\t\t\t\t\t\t\t\t<a href=\"https:\/\/cnrf.gov.bi\/index.php\/2026\/01\/06\/lutte-contre-le-blanchiment-de-capitaux-et-le-financement-du-terrorisme-la-cnrf-renforce-les-capacites-des-autorites-administratives-les-organes-denquetes-et-les-acteurs-de-la-chaine-penal\/\">\n\t\t\t\t\t\t\t\t\t\t<h3 class=\"entry-title\">Lutte contre le blanchiment de capitaux et le financement du terrorisme : la CNRF renforce les capacit\u00e9s des autorit\u00e9s administratives, les organes d\u2019enqu\u00eates et les acteurs de la Chaine p\u00e9nale \u0153uvrant dans les Provinces de Gitega et Burunga<\/h3><\/a>\n\t\t\t\t\t\t\t\t\t\t\t\t\t\t\t\t\t\t\t<div class=\"entry-meta\">\n\t\t\t\t\t\t<span class=\"posted-by\">\n\t\t\t\t\t\tpar <a class=\"url fn n\" href=\"https:\/\/cnrf.gov.bi\/index.php\/author\/cnrf\/\">cnrf<\/a>\t\t\t\t\t\t<\/span>\n\t\t\t\t\t\t\t\t\t\t\t\t\t\t\t\t\t\t\t\t\t<\/div>\n\t\t\t\t\t\t\t\t\t\t\t\t\t\t\t\t\t<\/header>  <!-- .entry-header -->\n\n\t\t\t\t\t\t\t\t<!-- ====== Entry Content =====  -->\n\t\t\t\t\t\t\t\t<div class=\"entry-content\">\n\t\t\t\t\t\t\t\t\t<p>\n\t\t\t\t\t\t\t\t\t\tGitega, du 22 au 24 D\u00e9cembre 2025- Dans le cadre du renforcement du dispositif national de lutte contre le Blanchiment de Capitaux et le Financement du Terrorisme (LBC\/FT), la Cellule Nationale de Renseignement Financier (CNRF) a organis\u00e9 un atelier de\t\t\t\t\t\t\t\t\t<\/p>\n\n\t\t\t\t\t\t\t\t\t\t\t\t\t\t\t\t\t\t\t<a href=\"https:\/\/cnrf.gov.bi\/index.php\/2026\/01\/06\/lutte-contre-le-blanchiment-de-capitaux-et-le-financement-du-terrorisme-la-cnrf-renforce-les-capacites-des-autorites-administratives-les-organes-denquetes-et-les-acteurs-de-la-chaine-penal\/\" class=\"read-more\">Read More<\/a>\n\t\t\t\t\t\t\t\t\t\t\t\t\t\t\t\t\t<\/div> <!-- entry-content -->\n\n\t\t\t\t\t\t\t\t<!-- ====== Entry Meta =====  -->\n\t\t\t\t\t\t\t\t\n\t\t\t\t\t\t\t\t\t\t\t\t\t\t\t\t\t\t\t\t\t\t\t\t<\/div>  <!-- .article-inner -->\n\t\t\t\t\t<\/article> <!-- end post-style-* -->\n\t\t\t\t\t\t\t\t\t<\/div> <!-- row -->\n<\/div> <!-- blog-post-container -->\n<\/div><\/div><\/div><\/div><\/div>","protected":false},"excerpt":{"rendered":"","protected":false},"author":1,"featured_media":0,"parent":0,"menu_order":0,"comment_status":"closed","ping_status":"closed","template":"page-templates\/page-builder.php","meta":{"footnotes":""},"class_list":["post-476","page","type-page","status-publish","hentry"],"jetpack_sharing_enabled":true,"_links":{"self":[{"href":"https:\/\/cnrf.gov.bi\/index.php\/wp-json\/wp\/v2\/pages\/476","targetHints":{"allow":["GET"]}}],"collection":[{"href":"https:\/\/cnrf.gov.bi\/index.php\/wp-json\/wp\/v2\/pages"}],"about":[{"href":"https:\/\/cnrf.gov.bi\/index.php\/wp-json\/wp\/v2\/types\/page"}],"author":[{"embeddable":true,"href":"https:\/\/cnrf.gov.bi\/index.php\/wp-json\/wp\/v2\/users\/1"}],"replies":[{"embeddable":true,"href":"https:\/\/cnrf.gov.bi\/index.php\/wp-json\/wp\/v2\/comments?post=476"}],"version-history":[{"count":30,"href":"https:\/\/cnrf.gov.bi\/index.php\/wp-json\/wp\/v2\/pages\/476\/revisions"}],"predecessor-version":[{"id":1219,"href":"https:\/\/cnrf.gov.bi\/index.php\/wp-json\/wp\/v2\/pages\/476\/revisions\/1219"}],"wp:attachment":[{"href":"https:\/\/cnrf.gov.bi\/index.php\/wp-json\/wp\/v2\/media?parent=476"}],"curies":[{"name":"wp","href":"https:\/\/api.w.org\/{rel}","templated":true}]}}